{"id":1025,"date":"2022-02-23T09:55:40","date_gmt":"2022-02-23T08:55:40","guid":{"rendered":"https:\/\/nize-d.com\/ventajas-del-modelo-d\/"},"modified":"2022-09-29T09:35:01","modified_gmt":"2022-09-29T07:35:01","slug":"ventajas-del-modelo-d","status":"publish","type":"page","link":"https:\/\/nize-d.com\/es\/ventajas-del-modelo-d\/","title":{"rendered":"Ventajas del modelo D"},"content":{"rendered":"\n<div id=\"eleaniztasuna\" class=\"wp-block-themeisle-blocks-advanced-columns alignfull has-1-columns has-desktop-equal-layout has-tablet-collapsedRows-layout has-mobile-collapsedRows-layout has-vertical-center\"><div class=\"wp-block-themeisle-blocks-advanced-columns-overlay\"><\/div><div class=\"innerblocks-wrap\">\n<div id=\"wp-block-themeisle-blocks-advanced-column-6782e6de\" class=\"wp-block-themeisle-blocks-advanced-column about-content animated fadeInRight slow\">\n<div id=\"wp-block-themeisle-blocks-advanced-heading-551e189a\" class=\"wp-block-themeisle-blocks-advanced-heading wp-block-themeisle-blocks-advanced-heading-551e189a\">01<\/div>\n\n\n\n<h2 id=\"wp-block-themeisle-blocks-advanced-heading-c2ca70b2\" class=\"wp-block-themeisle-blocks-advanced-heading wp-block-themeisle-blocks-advanced-heading-c2ca70b2\">Multiling\u00fcismo<\/h2>\n\n\n\n<p id=\"wp-block-themeisle-blocks-advanced-heading-4b9bd6e8\" class=\"wp-block-themeisle-blocks-advanced-heading wp-block-themeisle-blocks-advanced-heading-4b9bd6e8\">Somos un modelo<strong> Plurilingue,<\/strong> con una inmersi\u00f3n en euskera y un buen nivel de castellano e ingl\u00e9s. El modelo D es un modelo solvente y eficaz que hace competentes a nuestros alumnos y alumnas. <strong>el referente en educaci\u00f3n de modelo de inmersi\u00f3n.<\/strong><\/p>\n<\/div>\n<\/div><\/div>\n\n\n\n<div id=\"focus\" class=\"wp-block-themeisle-blocks-advanced-columns alignfull has-1-columns has-desktop-equal-layout has-tablet-equal-layout has-mobile-equal-layout has-vertical-unset\"><div class=\"wp-block-themeisle-blocks-advanced-columns-overlay\"><\/div><div class=\"innerblocks-wrap\">\n<div id=\"wp-block-themeisle-blocks-advanced-column-4e76066d\" class=\"wp-block-themeisle-blocks-advanced-column\">\n<h2 id=\"wp-block-themeisle-blocks-advanced-heading-ce1ee7ee\" class=\"wp-block-themeisle-blocks-advanced-heading wp-block-themeisle-blocks-advanced-heading-ce1ee7ee\">02<\/h2>\n\n\n\n<h2 id=\"wp-block-themeisle-blocks-advanced-heading-bcc3d025\" class=\"wp-block-themeisle-blocks-advanced-heading wp-block-themeisle-blocks-advanced-heading-bcc3d025\">Educaci\u00f3n cercana<\/h2>\n\n\n\n<div id=\"\" class=\"wp-block-themeisle-blocks-advanced-columns has-2-columns has-desktop-equal-layout has-tablet-twoColumnGrid-layout has-mobile-collapsedRows-layout has-vertical-unset\"><div class=\"wp-block-themeisle-blocks-advanced-columns-overlay\"><\/div><div class=\"innerblocks-wrap\">\n<div id=\"wp-block-themeisle-blocks-advanced-column-0965bd3a\" class=\"wp-block-themeisle-blocks-advanced-column animated fadeInLeft slow ticss-7d469478\">\n<div class=\"wp-block-themeisle-blocks-service\">\n<p class=\"wp-block-themeisle-blocks-font-awesome-icons\" id=\"wp-block-themeisle-blocks-font-awesome-icons-2ec85c9d\"><span class=\"wp-block-themeisle-blocks-font-awesome-icons-container\"><svg xmlns=\"http:\/\/www.w3.org\/2000\/svg\" viewbox=\"0 0 1800 1800\" role=\"img\" aria-hidden=\"true\"><path d=\"M1598.646,483.59c0-159.066-151.555-242.271-232.804-242.271c-17.445,0-31.592,14.14-31.592,31.594 c0,17.444,14.146,31.592,31.592,31.592c50.731,0,169.618,60.929,169.618,179.084c0,17.444,14.147,31.593,31.593,31.593 C1584.508,515.183,1598.646,501.034,1598.646,483.59z\"><\/path><path d=\"M1245.167,67.346c-8.005,0-15.974,0.176-23.897,0.515c-124.318-6.434-239.696,39.191-324.708,117.896 C802.382,111.649,683.698,67.346,554.832,67.346C249.563,67.346,1.211,315.7,1.211,620.971 c0,169.59,76.672,321.587,197.146,423.214l679.305,679.309c5.924,5.923,13.963,9.246,22.337,9.246 c8.384,0,16.413-3.323,22.347-9.246l679.218-679.238c120.519-101.636,197.227-253.659,197.227-423.285 C1798.79,315.7,1550.438,67.346,1245.167,67.346z M899.999,1656.474l-505.608-505.617L241.498,997.96l-60.105-60.101 c-0.744-0.749-1.52-1.445-2.323-2.098c-71.524-85.24-114.673-195.066-114.673-314.791c0-270.426,220.008-490.44,490.435-490.44 c111.765,0,214.891,37.604,297.452,100.783c0.309,0.229,0.599,0.476,0.908,0.714c-56.627,69.7-92.777,157.083-98.507,253.368 c-1.04,17.418,12.235,32.377,29.654,33.409c0.643,0.044,1.278,0.062,1.913,0.062c16.581,0,30.508-12.94,31.505-29.715 c5.059-85.082,37.825-162.045,88.959-222.683c13.021-12.438,26.683-24.197,40.999-35.154 c76.84-58.798,171.504-95.406,274.348-100.202c1.604,0.048,3.183-0.013,4.733-0.194c6.101-0.229,12.218-0.387,18.371-0.387 c270.434,0,490.438,220.014,490.438,490.44c0,119.707-43.133,229.515-114.648,314.755c-0.811,0.671-1.596,1.375-2.354,2.133 l-60.153,60.146l-152.843,152.852L899.999,1656.474z\"><\/path><\/svg><\/span><\/p>\n\n\n\n<h5 id=\"wp-block-themeisle-blocks-advanced-heading-1c9dba41\" class=\"wp-block-themeisle-blocks-advanced-heading wp-block-themeisle-blocks-advanced-heading-1c9dba41\">Nuestra cultura<\/h5>\n\n\n\n<p id=\"wp-block-themeisle-blocks-advanced-heading-ea3868d1\" class=\"wp-block-themeisle-blocks-advanced-heading wp-block-themeisle-blocks-advanced-heading-ea3868d1\">Nuestra cultura tiene profundas ra\u00edces. Los romanos pusieron de manifiesto que nuestros antepasados utilizaban la Lingua Navarrorum o euskera para entenderse. La lengua es el eje de la cultura, pero el alumnado de modelo D recibe m\u00e1s que el euskera.<\/p>\n<\/div>\n<\/div>\n\n\n\n<div id=\"wp-block-themeisle-blocks-advanced-column-2ff8a382\" class=\"wp-block-themeisle-blocks-advanced-column animated fadeInDown slow ticss-71e2bce8\">\n<div class=\"wp-block-themeisle-blocks-service\">\n<p class=\"wp-block-themeisle-blocks-font-awesome-icons\" id=\"wp-block-themeisle-blocks-font-awesome-icons-17ea0cb3\"><span class=\"wp-block-themeisle-blocks-font-awesome-icons-container\"><svg xmlns=\"http:\/\/www.w3.org\/2000\/svg\" viewbox=\"0 0 1800 1800\" role=\"img\" aria-hidden=\"true\"><path d=\"M899.993,1556.267l441.512-441.511c8.202-7.819,26.127-26.384,26.893-27.184l0.36-0.383 c110.946-118.997,172.046-274.141,172.046-436.851c0-353.342-287.463-640.805-640.803-640.805 c-353.342,0-640.805,287.463-640.805,640.805c0,162.714,61.1,317.857,172.038,436.851L899.993,1556.267z M900.001,71.159 c319.355,0,579.179,259.818,579.179,579.18c0,146.968-55.159,287.114-155.315,394.639c-5.202,5.387-19.292,19.873-25.095,25.383 L900.006,1469.1l-424.049-424.315C375.902,937.286,320.82,797.229,320.82,650.339C320.82,330.977,580.634,71.159,900.001,71.159z\"><\/path><path d=\"M998.745,225.279c110.577,0,325.781,120.91,325.781,342.553c0,17.018,13.789,30.812,30.812,30.812 c17.014,0,30.812-13.794,30.812-30.812c0-115.37-50.989-222.331-143.563-301.184c-73.464-62.566-169.175-102.994-243.842-102.994 c-17.014,0-30.812,13.794-30.812,30.813S981.731,225.279,998.745,225.279z\"><\/path><path d=\"M1286.716,1361.056c-24.003-9.809-49.854-18.548-77.134-26.264l-50.474,50.478 c148.765,35.502,240.488,98.79,240.488,157.599c0,87.962-205.171,185.974-499.596,185.974 c-294.417,0-499.597-98.012-499.597-185.974c0-58.805,91.723-122.097,240.488-157.599l-50.478-50.478 c-27.271,7.716-53.126,16.455-77.121,26.264c-112.537,45.995-174.513,110.563-174.513,181.813s61.977,135.817,174.513,181.813 c103.793,42.422,241.128,65.785,386.708,65.785c145.582,0,282.921-23.363,386.715-65.785 c112.536-45.995,174.504-110.563,174.504-181.813S1399.252,1407.051,1286.716,1361.056z\"><\/path><path d=\"M901.771,945.221c-171.172,0-310.434-139.256-310.434-310.425S730.599,324.37,901.771,324.37 c171.172,0,310.434,139.256,310.434,310.425S1072.943,945.221,901.771,945.221z M901.771,385.995 c-137.193,0-248.809,111.612-248.809,248.801s111.616,248.801,248.809,248.801c137.192,0,248.809-111.612,248.809-248.801 S1038.964,385.995,901.771,385.995z\"><\/path><\/svg><\/span><\/p>\n\n\n\n<h5 id=\"wp-block-themeisle-blocks-advanced-heading-cdbd7c0b\" class=\"wp-block-themeisle-blocks-advanced-heading wp-block-themeisle-blocks-advanced-heading-cdbd7c0b\">Cerca de casa<\/h5>\n\n\n\n<p id=\"wp-block-themeisle-blocks-advanced-heading-c90c6033\" class=\"wp-block-themeisle-blocks-advanced-heading wp-block-themeisle-blocks-advanced-heading-c90c6033\">En los Centros P\u00fablicos se valora la cercan\u00eda. En los nuevos barrios la escuela une a las familias; en ella se conocen y se crea cohesi\u00f3n social, m\u00e1s all\u00e1 del \u00e1mbito educativo.<\/p>\n<\/div>\n<\/div>\n<\/div><\/div>\n<\/div>\n<\/div><\/div>\n\n\n\n<div id=\"team\" class=\"wp-block-themeisle-blocks-advanced-columns alignfull has-1-columns has-desktop-equal-layout has-tablet-equal-layout has-mobile-equal-layout has-vertical-unset\"><div class=\"wp-block-themeisle-blocks-advanced-columns-overlay\"><\/div><div class=\"innerblocks-wrap\">\n<div id=\"wp-block-themeisle-blocks-advanced-column-402b70a2\" class=\"wp-block-themeisle-blocks-advanced-column\">\n<div id=\"wp-block-themeisle-blocks-advanced-heading-92bb4829\" class=\"wp-block-themeisle-blocks-advanced-heading wp-block-themeisle-blocks-advanced-heading-92bb4829\">03<\/div>\n\n\n\n<h2 id=\"wp-block-themeisle-blocks-advanced-heading-a4cdc5f8\" class=\"wp-block-themeisle-blocks-advanced-heading wp-block-themeisle-blocks-advanced-heading-a4cdc5f8\">Calidad<\/h2>\n\n\n\n<p><\/p>\n\n\n\n<div id=\"\" class=\"wp-block-themeisle-blocks-advanced-columns alignwide has-2-columns has-desktop-equal-layout has-tablet-twoColumnGrid-layout has-mobile-collapsedRows-layout has-vertical-unset\"><div class=\"wp-block-themeisle-blocks-advanced-columns-overlay\"><\/div><div class=\"innerblocks-wrap\">\n<div id=\"wp-block-themeisle-blocks-advanced-column-5b6197d6\" class=\"wp-block-themeisle-blocks-advanced-column animated fadeInLeft slow ticss-7d469478\">\n<div class=\"wp-block-themeisle-blocks-service\">\n<h5 id=\"wp-block-themeisle-blocks-advanced-heading-d53387a0\" class=\"wp-block-themeisle-blocks-advanced-heading wp-block-themeisle-blocks-advanced-heading-d53387a0\">Innovaci\u00f3n<\/h5>\n\n\n\n<p id=\"wp-block-themeisle-blocks-advanced-heading-8d0fbe05\" class=\"wp-block-themeisle-blocks-advanced-heading wp-block-themeisle-blocks-advanced-heading-8d0fbe05\">Formamos parte de proyectos <strong>innovadores<\/strong> y metodolog\u00edas activas (Hezigarri, Skolae, Programa laguntza,&#8230;<em>) Docencia compartida<\/em><\/p>\n<\/div>\n<\/div>\n\n\n\n<div id=\"wp-block-themeisle-blocks-advanced-column-869eb9fd\" class=\"wp-block-themeisle-blocks-advanced-column animated fadeInDown slow ticss-71e2bce8\">\n<div class=\"wp-block-themeisle-blocks-service\">\n<h5 id=\"wp-block-themeisle-blocks-advanced-heading-a6745c29\" class=\"wp-block-themeisle-blocks-advanced-heading wp-block-themeisle-blocks-advanced-heading-a6745c29\">Red<\/h5>\n\n\n\n<p id=\"wp-block-themeisle-blocks-advanced-heading-ecfa6549\" class=\"wp-block-themeisle-blocks-advanced-heading wp-block-themeisle-blocks-advanced-heading-ecfa6549\"><strong>Trabajamos en red<\/strong>, compartiendo proyectos, formaci\u00f3n, materiales, propuestas,&#8230;<\/p>\n<\/div>\n<\/div>\n<\/div><\/div>\n<\/div>\n<\/div><\/div>\n\n\n\n<p><\/p>\n","protected":false},"excerpt":{"rendered":"","protected":false},"author":2,"featured_media":0,"parent":0,"menu_order":0,"comment_status":"closed","ping_status":"closed","template":"page-templates\/template-pagebuilder-full-width.php","meta":{"neve_meta_sidebar":"full-width","neve_meta_container":"","neve_meta_enable_content_width":"off","neve_meta_content_width":0,"neve_meta_title_alignment":"","neve_meta_author_avatar":"","neve_post_elements_order":"","neve_meta_disable_header":"","neve_meta_disable_footer":"","neve_meta_disable_title":"on","_themeisle_gutenberg_block_has_review":false,"footnotes":""},"class_list":["post-1025","page","type-page","status-publish","hentry"],"_links":{"self":[{"href":"https:\/\/nize-d.com\/es\/wp-json\/wp\/v2\/pages\/1025","targetHints":{"allow":["GET"]}}],"collection":[{"href":"https:\/\/nize-d.com\/es\/wp-json\/wp\/v2\/pages"}],"about":[{"href":"https:\/\/nize-d.com\/es\/wp-json\/wp\/v2\/types\/page"}],"author":[{"embeddable":true,"href":"https:\/\/nize-d.com\/es\/wp-json\/wp\/v2\/users\/2"}],"replies":[{"embeddable":true,"href":"https:\/\/nize-d.com\/es\/wp-json\/wp\/v2\/comments?post=1025"}],"version-history":[{"count":3,"href":"https:\/\/nize-d.com\/es\/wp-json\/wp\/v2\/pages\/1025\/revisions"}],"predecessor-version":[{"id":1109,"href":"https:\/\/nize-d.com\/es\/wp-json\/wp\/v2\/pages\/1025\/revisions\/1109"}],"wp:attachment":[{"href":"https:\/\/nize-d.com\/es\/wp-json\/wp\/v2\/media?parent=1025"}],"curies":[{"name":"wp","href":"https:\/\/api.w.org\/{rel}","templated":true}]}}